{"id":8,"date":"2018-10-08T05:15:49","date_gmt":"2018-10-08T03:15:49","guid":{"rendered":"http:\/\/www.carrelages-du-pin.fr\/?page_id=8"},"modified":"2018-10-08T07:15:22","modified_gmt":"2018-10-08T05:15:22","slug":"accueil","status":"publish","type":"page","link":"https:\/\/www.carrelages-du-pin.fr\/","title":{"rendered":"Accueil"},"content":{"rendered":"<div class=\"blocTexte1\">\n<p><strong>Carrelages du Pin<\/strong>, ancien \u00e9tablissement Cadoret, depuis plus de <strong>40 ans<\/strong> le sp\u00e9cialiste de la vente de carrelages et d&rsquo;accessoires pour carreleurs professionnels et particuliers.<\/p>\n<p>La <strong>vente directe d&rsquo;usine<\/strong> nous permet de vous proposer \u00e0 des tarifs tr\u00e8s attractifs un choix de produits tr\u00e8s \u00e9tendu et de grande qualit\u00e9.<\/p>\n<\/div>\n\n\n<p><\/p>\n","protected":false},"excerpt":{"rendered":"<p>Carrelages du Pin, ancien \u00e9tablissement Cadoret, depuis plus de 40 ans le sp\u00e9cialiste de la vente de carrelages et d&rsquo;accessoires pour carreleurs professionnels et particuliers. La vente directe d&rsquo;usine nous permet de vous proposer \u00e0 des tarifs tr\u00e8s attractifs un choix de produits tr\u00e8s \u00e9tendu et de grande qualit\u00e9.<\/p>\n","protected":false},"author":1,"featured_media":0,"parent":0,"menu_order":0,"comment_status":"closed","ping_status":"closed","template":"","meta":{"footnotes":""},"class_list":["post-8","page","type-page","status-publish","hentry"],"yoast_head":"<!-- This site is optimized with the Yoast SEO plugin v24.9 - https:\/\/yoast.com\/wordpress\/plugins\/seo\/ -->\n<title>Accueil - Carrelages du Pin<\/title>\n<meta name=\"robots\" content=\"index, follow, max-snippet:-1, max-image-preview:large, max-video-preview:-1\" \/>\n<link rel=\"canonical\" href=\"https:\/\/www.carrelages-du-pin.fr\/\" \/>\n<meta property=\"og:locale\" content=\"fr_FR\" \/>\n<meta property=\"og:type\" content=\"article\" \/>\n<meta property=\"og:title\" content=\"Accueil - Carrelages du Pin\" \/>\n<meta property=\"og:description\" content=\"Carrelages du Pin, ancien \u00e9tablissement Cadoret, depuis plus de 40 ans le sp\u00e9cialiste de la vente de carrelages et d&rsquo;accessoires pour carreleurs professionnels et particuliers. La vente directe d&rsquo;usine nous permet de vous proposer \u00e0 des tarifs tr\u00e8s attractifs un choix de produits tr\u00e8s \u00e9tendu et de grande qualit\u00e9.\" \/>\n<meta property=\"og:url\" content=\"https:\/\/www.carrelages-du-pin.fr\/\" \/>\n<meta property=\"og:site_name\" content=\"Carrelages du Pin\" \/>\n<meta property=\"article:publisher\" content=\"https:\/\/fr-fr.facebook.com\/pages\/category\/Masonry-Contractor\/Carrelages-Du-Pin-183481921828483\/\" \/>\n<meta property=\"article:modified_time\" content=\"2018-10-08T05:15:22+00:00\" \/>\n<meta name=\"twitter:card\" content=\"summary_large_image\" \/>\n<script type=\"application\/ld+json\" class=\"yoast-schema-graph\">{\"@context\":\"https:\/\/schema.org\",\"@graph\":[{\"@type\":\"WebPage\",\"@id\":\"https:\/\/www.carrelages-du-pin.fr\/\",\"url\":\"https:\/\/www.carrelages-du-pin.fr\/\",\"name\":\"Accueil - Carrelages du Pin\",\"isPartOf\":{\"@id\":\"https:\/\/www.carrelages-du-pin.fr\/#website\"},\"datePublished\":\"2018-10-08T03:15:49+00:00\",\"dateModified\":\"2018-10-08T05:15:22+00:00\",\"breadcrumb\":{\"@id\":\"https:\/\/www.carrelages-du-pin.fr\/#breadcrumb\"},\"inLanguage\":\"fr-FR\",\"potentialAction\":[{\"@type\":\"ReadAction\",\"target\":[\"https:\/\/www.carrelages-du-pin.fr\/\"]}]},{\"@type\":\"BreadcrumbList\",\"@id\":\"https:\/\/www.carrelages-du-pin.fr\/#breadcrumb\",\"itemListElement\":[{\"@type\":\"ListItem\",\"position\":1,\"name\":\"Accueil\",\"item\":\"https:\/\/www.carrelages-du-pin.fr\/\"},{\"@type\":\"ListItem\",\"position\":2,\"name\":\"Accueil\"}]},{\"@type\":\"WebSite\",\"@id\":\"https:\/\/www.carrelages-du-pin.fr\/#website\",\"url\":\"https:\/\/www.carrelages-du-pin.fr\/\",\"name\":\"Carrelages du Pin\",\"description\":\"Vente de carrelages directe d&#039;usine (77, 93, 75, 78)\",\"potentialAction\":[{\"@type\":\"SearchAction\",\"target\":{\"@type\":\"EntryPoint\",\"urlTemplate\":\"https:\/\/www.carrelages-du-pin.fr\/?s={search_term_string}\"},\"query-input\":{\"@type\":\"PropertyValueSpecification\",\"valueRequired\":true,\"valueName\":\"search_term_string\"}}],\"inLanguage\":\"fr-FR\"}]}<\/script>\n<!-- \/ Yoast SEO plugin. -->","yoast_head_json":{"title":"Accueil - Carrelages du Pin","robots":{"index":"index","follow":"follow","max-snippet":"max-snippet:-1","max-image-preview":"max-image-preview:large","max-video-preview":"max-video-preview:-1"},"canonical":"https:\/\/www.carrelages-du-pin.fr\/","og_locale":"fr_FR","og_type":"article","og_title":"Accueil - Carrelages du Pin","og_description":"Carrelages du Pin, ancien \u00e9tablissement Cadoret, depuis plus de 40 ans le sp\u00e9cialiste de la vente de carrelages et d&rsquo;accessoires pour carreleurs professionnels et particuliers. La vente directe d&rsquo;usine nous permet de vous proposer \u00e0 des tarifs tr\u00e8s attractifs un choix de produits tr\u00e8s \u00e9tendu et de grande qualit\u00e9.","og_url":"https:\/\/www.carrelages-du-pin.fr\/","og_site_name":"Carrelages du Pin","article_publisher":"https:\/\/fr-fr.facebook.com\/pages\/category\/Masonry-Contractor\/Carrelages-Du-Pin-183481921828483\/","article_modified_time":"2018-10-08T05:15:22+00:00","twitter_card":"summary_large_image","schema":{"@context":"https:\/\/schema.org","@graph":[{"@type":"WebPage","@id":"https:\/\/www.carrelages-du-pin.fr\/","url":"https:\/\/www.carrelages-du-pin.fr\/","name":"Accueil - Carrelages du Pin","isPartOf":{"@id":"https:\/\/www.carrelages-du-pin.fr\/#website"},"datePublished":"2018-10-08T03:15:49+00:00","dateModified":"2018-10-08T05:15:22+00:00","breadcrumb":{"@id":"https:\/\/www.carrelages-du-pin.fr\/#breadcrumb"},"inLanguage":"fr-FR","potentialAction":[{"@type":"ReadAction","target":["https:\/\/www.carrelages-du-pin.fr\/"]}]},{"@type":"BreadcrumbList","@id":"https:\/\/www.carrelages-du-pin.fr\/#breadcrumb","itemListElement":[{"@type":"ListItem","position":1,"name":"Accueil","item":"https:\/\/www.carrelages-du-pin.fr\/"},{"@type":"ListItem","position":2,"name":"Accueil"}]},{"@type":"WebSite","@id":"https:\/\/www.carrelages-du-pin.fr\/#website","url":"https:\/\/www.carrelages-du-pin.fr\/","name":"Carrelages du Pin","description":"Vente de carrelages directe d&#039;usine (77, 93, 75, 78)","potentialAction":[{"@type":"SearchAction","target":{"@type":"EntryPoint","urlTemplate":"https:\/\/www.carrelages-du-pin.fr\/?s={search_term_string}"},"query-input":{"@type":"PropertyValueSpecification","valueRequired":true,"valueName":"search_term_string"}}],"inLanguage":"fr-FR"}]}},"_links":{"self":[{"href":"https:\/\/www.carrelages-du-pin.fr\/index.php\/wp-json\/wp\/v2\/pages\/8","targetHints":{"allow":["GET"]}}],"collection":[{"href":"https:\/\/www.carrelages-du-pin.fr\/index.php\/wp-json\/wp\/v2\/pages"}],"about":[{"href":"https:\/\/www.carrelages-du-pin.fr\/index.php\/wp-json\/wp\/v2\/types\/page"}],"author":[{"embeddable":true,"href":"https:\/\/www.carrelages-du-pin.fr\/index.php\/wp-json\/wp\/v2\/users\/1"}],"replies":[{"embeddable":true,"href":"https:\/\/www.carrelages-du-pin.fr\/index.php\/wp-json\/wp\/v2\/comments?post=8"}],"version-history":[{"count":3,"href":"https:\/\/www.carrelages-du-pin.fr\/index.php\/wp-json\/wp\/v2\/pages\/8\/revisions"}],"predecessor-version":[{"id":103,"href":"https:\/\/www.carrelages-du-pin.fr\/index.php\/wp-json\/wp\/v2\/pages\/8\/revisions\/103"}],"wp:attachment":[{"href":"https:\/\/www.carrelages-du-pin.fr\/index.php\/wp-json\/wp\/v2\/media?parent=8"}],"curies":[{"name":"wp","href":"https:\/\/api.w.org\/{rel}","templated":true}]}}